{"id":344,"date":"2024-12-23T12:46:17","date_gmt":"2024-12-23T11:46:17","guid":{"rendered":"https:\/\/shootingincanarias.com\/?page_id=344"},"modified":"2025-04-17T14:00:17","modified_gmt":"2025-04-17T12:00:17","slug":"servizi","status":"publish","type":"page","link":"https:\/\/shootingincanarias.com\/es\/servizi\/","title":{"rendered":"Servicios"},"content":{"rendered":"<div data-elementor-type=\"wp-page\" data-elementor-id=\"344\" class=\"elementor elementor-344\" data-elementor-post-type=\"page\">\n\t\t\t\t\t\t<section class=\"elementor-section elementor-top-section elementor-element elementor-element-7df9495 elementor-section-items-stretch elementor-section-height-min-height elementor-section-boxed elementor-section-height-default\" data-id=\"7df9495\" data-element_type=\"section\" data-e-type=\"section\" data-settings=\"{&quot;background_background&quot;:&quot;classic&quot;}\">\n\t\t\t\t\t\t\t<div class=\"elementor-background-overlay\"><\/div>\n\t\t\t\t\t\t\t<div class=\"elementor-container elementor-column-gap-no\">\n\t\t\t\t\t<div class=\"elementor-column elementor-col-100 elementor-top-column elementor-element elementor-element-8821dcb\" data-id=\"8821dcb\" data-element_type=\"column\" data-e-type=\"column\">\n\t\t\t<div class=\"elementor-widget-wrap elementor-element-populated\">\n\t\t\t\t\t\t<div class=\"elementor-element elementor-element-913250c elementor-widget elementor-widget-heading\" data-id=\"913250c\" data-element_type=\"widget\" data-e-type=\"widget\" data-widget_type=\"heading.default\">\n\t\t\t\t<div class=\"elementor-widget-container\">\n\t\t\t\t\t<h2 class=\"elementor-heading-title elementor-size-default\">Servicios<\/h2>\t\t\t\t<\/div>\n\t\t\t\t<\/div>\n\t\t\t\t\t<\/div>\n\t\t<\/div>\n\t\t\t\t\t<\/div>\n\t\t<\/section>\n\t\t\t\t<section class=\"elementor-section elementor-top-section elementor-element elementor-element-b6432ab elementor-hidden-desktop elementor-hidden-tablet elementor-hidden-mobile elementor-section-boxed elementor-section-height-default elementor-section-height-default\" data-id=\"b6432ab\" data-element_type=\"section\" data-e-type=\"section\">\n\t\t\t\t\t\t<div class=\"elementor-container elementor-column-gap-default\">\n\t\t\t\t\t<div class=\"elementor-column elementor-col-100 elementor-top-column elementor-element elementor-element-97ac2b1\" data-id=\"97ac2b1\" data-element_type=\"column\" data-e-type=\"column\">\n\t\t\t<div class=\"elementor-widget-wrap elementor-element-populated\">\n\t\t\t\t\t\t<div class=\"elementor-element elementor-element-0eebdd8 elementor-widget elementor-widget-text-editor\" data-id=\"0eebdd8\" data-element_type=\"widget\" data-e-type=\"widget\" data-widget_type=\"text-editor.default\">\n\t\t\t\t<div class=\"elementor-widget-container\">\n\t\t\t\t\t\t\t\t\t<p><span style=\"font-weight: 400;\">A trav\u00e9s  del profundo conocimiento del contexto y de los recursos locales, Shooting in Canarias te ofrece m\u00faltiples servicios que incluyen:<\/span><\/p>\n<ul>\n<li style=\"font-weight: 400;\" aria-level=\"1\"><span style=\"font-weight: 400;\">Log\u00edstica &amp; Facilities t\u00e9cnicas y para la producci\u00f3n.<\/span><\/li>\n<li style=\"font-weight: 400;\" aria-level=\"1\"><span style=\"font-weight: 400;\">conexi\u00f3n directa con los rentales locales<\/span><\/li>\n<li style=\"font-weight: 400;\" aria-level=\"1\"><span style=\"font-weight: 400;\">Location Scouting y permisos<\/span><\/li>\n<li style=\"font-weight: 400;\" aria-level=\"1\"><span style=\"font-weight: 400;\">Recursos humanos y profesionales<\/span><\/li>\n<li style=\"font-weight: 400;\" aria-level=\"1\"><span style=\"font-weight: 400;\">alquiler de vehiculos historicos<\/span><\/li>\n<li style=\"font-weight: 400;\" aria-level=\"1\"><span style=\"font-weight: 400;\">Organizaci\u00f3n de eventos<\/span><\/li>\n<\/ul>\t\t\t\t\t\t\t\t<\/div>\n\t\t\t\t<\/div>\n\t\t\t\t\t<\/div>\n\t\t<\/div>\n\t\t\t\t\t<\/div>\n\t\t<\/section>\n\t\t<div class=\"elementor-element elementor-element-14ca000 e-flex e-con-boxed e-con e-parent\" data-id=\"14ca000\" data-element_type=\"container\" data-e-type=\"container\">\n\t\t\t\t\t<div class=\"e-con-inner\">\n\t\t<div class=\"elementor-element elementor-element-0279b55 e-con-full e-flex e-con e-child\" data-id=\"0279b55\" data-element_type=\"container\" data-e-type=\"container\">\n\t\t\t\t<div class=\"elementor-element elementor-element-b9eea1f elementor-widget elementor-widget-image\" data-id=\"b9eea1f\" data-element_type=\"widget\" data-e-type=\"widget\" data-widget_type=\"image.default\">\n\t\t\t\t<div class=\"elementor-widget-container\">\n\t\t\t\t\t\t\t\t\t\t\t\t\t\t\t<img fetchpriority=\"high\" decoding=\"async\" width=\"694\" height=\"703\" src=\"https:\/\/shootingincanarias.com\/wp-content\/uploads\/2024\/12\/Foto-HOME.jpg\" class=\"attachment-large size-large wp-image-338\" alt=\"\" srcset=\"https:\/\/shootingincanarias.com\/wp-content\/uploads\/2024\/12\/Foto-HOME.jpg 694w, https:\/\/shootingincanarias.com\/wp-content\/uploads\/2024\/12\/Foto-HOME-296x300.jpg 296w\" sizes=\"(max-width: 694px) 100vw, 694px\" \/>\t\t\t\t\t\t\t\t\t\t\t\t\t\t\t<\/div>\n\t\t\t\t<\/div>\n\t\t\t\t<\/div>\n\t\t<div class=\"elementor-element elementor-element-935b6b0 e-con-full e-flex e-con e-child\" data-id=\"935b6b0\" data-element_type=\"container\" data-e-type=\"container\">\n\t\t\t\t<div class=\"elementor-element elementor-element-60ecfaf elementor-widget elementor-widget-heading\" data-id=\"60ecfaf\" data-element_type=\"widget\" data-e-type=\"widget\" data-widget_type=\"heading.default\">\n\t\t\t\t<div class=\"elementor-widget-container\">\n\t\t\t\t\t<h2 class=\"elementor-heading-title elementor-size-default\">Lo que ofrecemos<\/h2>\t\t\t\t<\/div>\n\t\t\t\t<\/div>\n\t\t\t\t<div class=\"elementor-element elementor-element-c1d6c43 elementor-widget elementor-widget-text-editor\" data-id=\"c1d6c43\" data-element_type=\"widget\" data-e-type=\"widget\" data-widget_type=\"text-editor.default\">\n\t\t\t\t<div class=\"elementor-widget-container\">\n\t\t\t\t\t\t\t\t\t<p><span style=\"font-weight: 400;\">A trav\u00e9s del profundo conocimiento del contexto y de los recursos locales, <strong>Shooting in Canarias<\/strong> \u00a0te ofrece m\u00faltiples servicios que incluyen:<\/span><\/p>\t\t\t\t\t\t\t\t<\/div>\n\t\t\t\t<\/div>\n\t\t\t\t<div class=\"elementor-element elementor-element-dbb3de3 elementor-icon-list--layout-traditional elementor-list-item-link-full_width elementor-widget elementor-widget-icon-list\" data-id=\"dbb3de3\" data-element_type=\"widget\" data-e-type=\"widget\" data-widget_type=\"icon-list.default\">\n\t\t\t\t<div class=\"elementor-widget-container\">\n\t\t\t\t\t\t\t<ul class=\"elementor-icon-list-items\">\n\t\t\t\t\t\t\t<li class=\"elementor-icon-list-item\">\n\t\t\t\t\t\t\t\t\t\t\t<span class=\"elementor-icon-list-icon\">\n\t\t\t\t\t\t\t<svg aria-hidden=\"true\" class=\"e-font-icon-svg e-fas-check\" viewbox=\"0 0 512 512\" xmlns=\"http:\/\/www.w3.org\/2000\/svg\"><path d=\"M173.898 439.404l-166.4-166.4c-9.997-9.997-9.997-26.206 0-36.204l36.203-36.204c9.997-9.998 26.207-9.998 36.204 0L192 312.69 432.095 72.596c9.997-9.997 26.207-9.997 36.204 0l36.203 36.204c9.997 9.997 9.997 26.206 0 36.204l-294.4 294.401c-9.998 9.997-26.207 9.997-36.204-.001z\"><\/path><\/svg>\t\t\t\t\t\t<\/span>\n\t\t\t\t\t\t\t\t\t\t<span class=\"elementor-icon-list-text\">Log\u00edstica &amp; Facilities t\u00e9cnicas y para la producci\u00f3n.<\/span>\n\t\t\t\t\t\t\t\t\t<\/li>\n\t\t\t\t\t\t\t\t<li class=\"elementor-icon-list-item\">\n\t\t\t\t\t\t\t\t\t\t\t<span class=\"elementor-icon-list-icon\">\n\t\t\t\t\t\t\t<svg aria-hidden=\"true\" class=\"e-font-icon-svg e-fas-check\" viewbox=\"0 0 512 512\" xmlns=\"http:\/\/www.w3.org\/2000\/svg\"><path d=\"M173.898 439.404l-166.4-166.4c-9.997-9.997-9.997-26.206 0-36.204l36.203-36.204c9.997-9.998 26.207-9.998 36.204 0L192 312.69 432.095 72.596c9.997-9.997 26.207-9.997 36.204 0l36.203 36.204c9.997 9.997 9.997 26.206 0 36.204l-294.4 294.401c-9.998 9.997-26.207 9.997-36.204-.001z\"><\/path><\/svg>\t\t\t\t\t\t<\/span>\n\t\t\t\t\t\t\t\t\t\t<span class=\"elementor-icon-list-text\">Conexi\u00f3n directa con los rentales locales<\/span>\n\t\t\t\t\t\t\t\t\t<\/li>\n\t\t\t\t\t\t\t\t<li class=\"elementor-icon-list-item\">\n\t\t\t\t\t\t\t\t\t\t\t<span class=\"elementor-icon-list-icon\">\n\t\t\t\t\t\t\t<svg aria-hidden=\"true\" class=\"e-font-icon-svg e-fas-check\" viewbox=\"0 0 512 512\" xmlns=\"http:\/\/www.w3.org\/2000\/svg\"><path d=\"M173.898 439.404l-166.4-166.4c-9.997-9.997-9.997-26.206 0-36.204l36.203-36.204c9.997-9.998 26.207-9.998 36.204 0L192 312.69 432.095 72.596c9.997-9.997 26.207-9.997 36.204 0l36.203 36.204c9.997 9.997 9.997 26.206 0 36.204l-294.4 294.401c-9.998 9.997-26.207 9.997-36.204-.001z\"><\/path><\/svg>\t\t\t\t\t\t<\/span>\n\t\t\t\t\t\t\t\t\t\t<span class=\"elementor-icon-list-text\">Location Scouting y permisos<\/span>\n\t\t\t\t\t\t\t\t\t<\/li>\n\t\t\t\t\t\t\t\t<li class=\"elementor-icon-list-item\">\n\t\t\t\t\t\t\t\t\t\t\t<span class=\"elementor-icon-list-icon\">\n\t\t\t\t\t\t\t<svg aria-hidden=\"true\" class=\"e-font-icon-svg e-fas-check\" viewbox=\"0 0 512 512\" xmlns=\"http:\/\/www.w3.org\/2000\/svg\"><path d=\"M173.898 439.404l-166.4-166.4c-9.997-9.997-9.997-26.206 0-36.204l36.203-36.204c9.997-9.998 26.207-9.998 36.204 0L192 312.69 432.095 72.596c9.997-9.997 26.207-9.997 36.204 0l36.203 36.204c9.997 9.997 9.997 26.206 0 36.204l-294.4 294.401c-9.998 9.997-26.207 9.997-36.204-.001z\"><\/path><\/svg>\t\t\t\t\t\t<\/span>\n\t\t\t\t\t\t\t\t\t\t<span class=\"elementor-icon-list-text\">Recursos humanos y profesionales<\/span>\n\t\t\t\t\t\t\t\t\t<\/li>\n\t\t\t\t\t\t\t\t<li class=\"elementor-icon-list-item\">\n\t\t\t\t\t\t\t\t\t\t\t<span class=\"elementor-icon-list-icon\">\n\t\t\t\t\t\t\t<svg aria-hidden=\"true\" class=\"e-font-icon-svg e-fas-check\" viewbox=\"0 0 512 512\" xmlns=\"http:\/\/www.w3.org\/2000\/svg\"><path d=\"M173.898 439.404l-166.4-166.4c-9.997-9.997-9.997-26.206 0-36.204l36.203-36.204c9.997-9.998 26.207-9.998 36.204 0L192 312.69 432.095 72.596c9.997-9.997 26.207-9.997 36.204 0l36.203 36.204c9.997 9.997 9.997 26.206 0 36.204l-294.4 294.401c-9.998 9.997-26.207 9.997-36.204-.001z\"><\/path><\/svg>\t\t\t\t\t\t<\/span>\n\t\t\t\t\t\t\t\t\t\t<span class=\"elementor-icon-list-text\">Make up artist<\/span>\n\t\t\t\t\t\t\t\t\t<\/li>\n\t\t\t\t\t\t\t\t<li class=\"elementor-icon-list-item\">\n\t\t\t\t\t\t\t\t\t\t\t<span class=\"elementor-icon-list-icon\">\n\t\t\t\t\t\t\t<svg aria-hidden=\"true\" class=\"e-font-icon-svg e-fas-check\" viewbox=\"0 0 512 512\" xmlns=\"http:\/\/www.w3.org\/2000\/svg\"><path d=\"M173.898 439.404l-166.4-166.4c-9.997-9.997-9.997-26.206 0-36.204l36.203-36.204c9.997-9.998 26.207-9.998 36.204 0L192 312.69 432.095 72.596c9.997-9.997 26.207-9.997 36.204 0l36.203 36.204c9.997 9.997 9.997 26.206 0 36.204l-294.4 294.401c-9.998 9.997-26.207 9.997-36.204-.001z\"><\/path><\/svg>\t\t\t\t\t\t<\/span>\n\t\t\t\t\t\t\t\t\t\t<span class=\"elementor-icon-list-text\">Alquiler de vehiculos historicos<\/span>\n\t\t\t\t\t\t\t\t\t<\/li>\n\t\t\t\t\t\t\t\t<li class=\"elementor-icon-list-item\">\n\t\t\t\t\t\t\t\t\t\t\t<span class=\"elementor-icon-list-icon\">\n\t\t\t\t\t\t\t<svg aria-hidden=\"true\" class=\"e-font-icon-svg e-fas-check\" viewbox=\"0 0 512 512\" xmlns=\"http:\/\/www.w3.org\/2000\/svg\"><path d=\"M173.898 439.404l-166.4-166.4c-9.997-9.997-9.997-26.206 0-36.204l36.203-36.204c9.997-9.998 26.207-9.998 36.204 0L192 312.69 432.095 72.596c9.997-9.997 26.207-9.997 36.204 0l36.203 36.204c9.997 9.997 9.997 26.206 0 36.204l-294.4 294.401c-9.998 9.997-26.207 9.997-36.204-.001z\"><\/path><\/svg>\t\t\t\t\t\t<\/span>\n\t\t\t\t\t\t\t\t\t\t<span class=\"elementor-icon-list-text\">Organizaci\u00f3n de eventos<\/span>\n\t\t\t\t\t\t\t\t\t<\/li>\n\t\t\t\t\t\t<\/ul>\n\t\t\t\t\t\t<\/div>\n\t\t\t\t<\/div>\n\t\t\t\t<\/div>\n\t\t\t\t\t<\/div>\n\t\t\t\t<\/div>\n\t\t<div class=\"elementor-element elementor-element-28a5276 e-flex e-con-boxed e-con e-parent\" data-id=\"28a5276\" data-element_type=\"container\" data-e-type=\"container\" data-settings=\"{&quot;background_background&quot;:&quot;classic&quot;}\">\n\t\t\t\t\t<div class=\"e-con-inner\">\n\t\t<div class=\"elementor-element elementor-element-97548bb e-con-full e-flex e-con e-child\" data-id=\"97548bb\" data-element_type=\"container\" data-e-type=\"container\">\n\t\t\t\t<div class=\"elementor-element elementor-element-f7720b0 elementor-widget elementor-widget-heading\" data-id=\"f7720b0\" data-element_type=\"widget\" data-e-type=\"widget\" data-widget_type=\"heading.default\">\n\t\t\t\t<div class=\"elementor-widget-container\">\n\t\t\t\t\t<h2 class=\"elementor-heading-title elementor-size-default\">Cont\u00e1ctanos<\/h2>\t\t\t\t<\/div>\n\t\t\t\t<\/div>\n\t\t\t\t<div class=\"elementor-element elementor-element-e0cae30 elementor-widget__width-initial elementor-widget elementor-widget-heading\" data-id=\"e0cae30\" data-element_type=\"widget\" data-e-type=\"widget\" data-widget_type=\"heading.default\">\n\t\t\t\t<div class=\"elementor-widget-container\">\n\t\t\t\t\t<h2 class=\"elementor-heading-title elementor-size-default\"> Te ayudaremos a hacer realidad tus proyectos.<\/h2>\t\t\t\t<\/div>\n\t\t\t\t<\/div>\n\t\t\t\t<\/div>\n\t\t<div class=\"elementor-element elementor-element-d485ced e-con-full e-flex e-con e-child\" data-id=\"d485ced\" data-element_type=\"container\" data-e-type=\"container\">\n\t\t\t\t<div class=\"elementor-element elementor-element-0fcf5b5 elementor-widget__width-initial elementor-align-right elementor-mobile-align-left elementor-widget elementor-widget-button\" data-id=\"0fcf5b5\" data-element_type=\"widget\" data-e-type=\"widget\" data-widget_type=\"button.default\">\n\t\t\t\t<div class=\"elementor-widget-container\">\n\t\t\t\t\t\t\t\t\t<div class=\"elementor-button-wrapper\">\n\t\t\t\t\t<a class=\"elementor-button elementor-button-link elementor-size-sm elementor-animation-shrink\" href=\"https:\/\/shootingincanarias.com\/es\/contacti\/\">\n\t\t\t\t\t\t<span class=\"elementor-button-content-wrapper\">\n\t\t\t\t\t\t\t\t\t<span class=\"elementor-button-text\">Contactos<\/span>\n\t\t\t\t\t<\/span>\n\t\t\t\t\t<\/a>\n\t\t\t\t<\/div>\n\t\t\t\t\t\t\t\t<\/div>\n\t\t\t\t<\/div>\n\t\t\t\t<\/div>\n\t\t\t\t\t<\/div>\n\t\t\t\t<\/div>\n\t\t\t\t<\/div>","protected":false},"excerpt":{"rendered":"<p>Attraverso l\u2019 approfondita conoscenza del contesto e delle realt\u00e0 presenti sul territorio, Shooting in Canarias &nbsp;\u00e8 in grado di offrire molteplici servizi tra cui: Logistica &amp; Facilities tecniche e per la produzione contatti diretti con i rental locali Location Scouting e permessi Personale e risorse umane noleggio Veicoli storici Organizzazione di eventi Cosa offriamo Attraverso [&hellip;]<\/p>\n","protected":false},"author":13,"featured_media":0,"parent":0,"menu_order":0,"comment_status":"closed","ping_status":"closed","template":"","meta":{"footnotes":""},"class_list":["post-344","page","type-page","status-publish","hentry"],"yoast_head":"<!-- This site is optimized with the Yoast SEO plugin v27.4 - https:\/\/yoast.com\/product\/yoast-seo-wordpress\/ -->\n<title>Servizi - Video and photo shooting in Canary Islands<\/title>\n<meta name=\"robots\" content=\"index, follow, max-snippet:-1, max-image-preview:large, max-video-preview:-1\" \/>\n<link rel=\"canonical\" href=\"https:\/\/shootingincanarias.com\/es\/servizi\/\" \/>\n<meta property=\"og:locale\" content=\"es_ES\" \/>\n<meta property=\"og:type\" content=\"article\" \/>\n<meta property=\"og:title\" content=\"Servizi - Video and photo shooting in Canary Islands\" \/>\n<meta property=\"og:description\" content=\"Attraverso l\u2019 approfondita conoscenza del contesto e delle realt\u00e0 presenti sul territorio, Shooting in Canarias &nbsp;\u00e8 in grado di offrire molteplici servizi tra cui: Logistica &amp; Facilities tecniche e per la produzione contatti diretti con i rental locali Location Scouting e permessi Personale e risorse umane noleggio Veicoli storici Organizzazione di eventi Cosa offriamo Attraverso [&hellip;]\" \/>\n<meta property=\"og:url\" content=\"https:\/\/shootingincanarias.com\/es\/servizi\/\" \/>\n<meta property=\"og:site_name\" content=\"Video and photo shooting in Canary Islands\" \/>\n<meta property=\"article:modified_time\" content=\"2025-04-17T12:00:17+00:00\" \/>\n<meta property=\"og:image\" content=\"https:\/\/shootingincanarias.com\/wp-content\/uploads\/2024\/12\/Foto-HOME.jpg\" \/>\n\t<meta property=\"og:image:width\" content=\"694\" \/>\n\t<meta property=\"og:image:height\" content=\"703\" \/>\n\t<meta property=\"og:image:type\" content=\"image\/jpeg\" \/>\n<meta name=\"twitter:card\" content=\"summary_large_image\" \/>\n<script type=\"application\/ld+json\" class=\"yoast-schema-graph\">{\"@context\":\"https:\\\/\\\/schema.org\",\"@graph\":[{\"@type\":\"WebPage\",\"@id\":\"https:\\\/\\\/shootingincanarias.com\\\/servizi\\\/\",\"url\":\"https:\\\/\\\/shootingincanarias.com\\\/servizi\\\/\",\"name\":\"Servizi - Video and photo shooting in Canary Islands\",\"isPartOf\":{\"@id\":\"https:\\\/\\\/shootingincanarias.com\\\/#website\"},\"primaryImageOfPage\":{\"@id\":\"https:\\\/\\\/shootingincanarias.com\\\/servizi\\\/#primaryimage\"},\"image\":{\"@id\":\"https:\\\/\\\/shootingincanarias.com\\\/servizi\\\/#primaryimage\"},\"thumbnailUrl\":\"https:\\\/\\\/shootingincanarias.com\\\/wp-content\\\/uploads\\\/2024\\\/12\\\/Foto-HOME.jpg\",\"datePublished\":\"2024-12-23T11:46:17+00:00\",\"dateModified\":\"2025-04-17T12:00:17+00:00\",\"breadcrumb\":{\"@id\":\"https:\\\/\\\/shootingincanarias.com\\\/servizi\\\/#breadcrumb\"},\"inLanguage\":\"es\",\"potentialAction\":[{\"@type\":\"ReadAction\",\"target\":[\"https:\\\/\\\/shootingincanarias.com\\\/servizi\\\/\"]}]},{\"@type\":\"ImageObject\",\"inLanguage\":\"es\",\"@id\":\"https:\\\/\\\/shootingincanarias.com\\\/servizi\\\/#primaryimage\",\"url\":\"https:\\\/\\\/shootingincanarias.com\\\/wp-content\\\/uploads\\\/2024\\\/12\\\/Foto-HOME.jpg\",\"contentUrl\":\"https:\\\/\\\/shootingincanarias.com\\\/wp-content\\\/uploads\\\/2024\\\/12\\\/Foto-HOME.jpg\"},{\"@type\":\"BreadcrumbList\",\"@id\":\"https:\\\/\\\/shootingincanarias.com\\\/servizi\\\/#breadcrumb\",\"itemListElement\":[{\"@type\":\"ListItem\",\"position\":1,\"name\":\"Portada\",\"item\":\"https:\\\/\\\/shootingincanarias.com\\\/\"},{\"@type\":\"ListItem\",\"position\":2,\"name\":\"Servizi\"}]},{\"@type\":\"WebSite\",\"@id\":\"https:\\\/\\\/shootingincanarias.com\\\/#website\",\"url\":\"https:\\\/\\\/shootingincanarias.com\\\/\",\"name\":\"Video and photo shooting in Canary Islands\",\"description\":\"Canarias Project Management\",\"publisher\":{\"@id\":\"https:\\\/\\\/shootingincanarias.com\\\/#organization\"},\"potentialAction\":[{\"@type\":\"SearchAction\",\"target\":{\"@type\":\"EntryPoint\",\"urlTemplate\":\"https:\\\/\\\/shootingincanarias.com\\\/?s={search_term_string}\"},\"query-input\":{\"@type\":\"PropertyValueSpecification\",\"valueRequired\":true,\"valueName\":\"search_term_string\"}}],\"inLanguage\":\"es\"},{\"@type\":\"Organization\",\"@id\":\"https:\\\/\\\/shootingincanarias.com\\\/#organization\",\"name\":\"Video and photo shooting in Canary Islands\",\"url\":\"https:\\\/\\\/shootingincanarias.com\\\/\",\"logo\":{\"@type\":\"ImageObject\",\"inLanguage\":\"es\",\"@id\":\"https:\\\/\\\/shootingincanarias.com\\\/#\\\/schema\\\/logo\\\/image\\\/\",\"url\":\"https:\\\/\\\/shootingincanarias.com\\\/wp-content\\\/uploads\\\/2024\\\/12\\\/mario-castelli_favicon.png\",\"contentUrl\":\"https:\\\/\\\/shootingincanarias.com\\\/wp-content\\\/uploads\\\/2024\\\/12\\\/mario-castelli_favicon.png\",\"width\":512,\"height\":512,\"caption\":\"Video and photo shooting in Canary Islands\"},\"image\":{\"@id\":\"https:\\\/\\\/shootingincanarias.com\\\/#\\\/schema\\\/logo\\\/image\\\/\"}}]}<\/script>\n<!-- \/ Yoast SEO plugin. -->","yoast_head_json":{"title":"Servizi - Video and photo shooting in Canary Islands","robots":{"index":"index","follow":"follow","max-snippet":"max-snippet:-1","max-image-preview":"max-image-preview:large","max-video-preview":"max-video-preview:-1"},"canonical":"https:\/\/shootingincanarias.com\/es\/servizi\/","og_locale":"es_ES","og_type":"article","og_title":"Servizi - Video and photo shooting in Canary Islands","og_description":"Attraverso l\u2019 approfondita conoscenza del contesto e delle realt\u00e0 presenti sul territorio, Shooting in Canarias &nbsp;\u00e8 in grado di offrire molteplici servizi tra cui: Logistica &amp; Facilities tecniche e per la produzione contatti diretti con i rental locali Location Scouting e permessi Personale e risorse umane noleggio Veicoli storici Organizzazione di eventi Cosa offriamo Attraverso [&hellip;]","og_url":"https:\/\/shootingincanarias.com\/es\/servizi\/","og_site_name":"Video and photo shooting in Canary Islands","article_modified_time":"2025-04-17T12:00:17+00:00","og_image":[{"width":694,"height":703,"url":"https:\/\/shootingincanarias.com\/wp-content\/uploads\/2024\/12\/Foto-HOME.jpg","type":"image\/jpeg"}],"twitter_card":"summary_large_image","schema":{"@context":"https:\/\/schema.org","@graph":[{"@type":"WebPage","@id":"https:\/\/shootingincanarias.com\/servizi\/","url":"https:\/\/shootingincanarias.com\/servizi\/","name":"Servizi - Video and photo shooting in Canary Islands","isPartOf":{"@id":"https:\/\/shootingincanarias.com\/#website"},"primaryImageOfPage":{"@id":"https:\/\/shootingincanarias.com\/servizi\/#primaryimage"},"image":{"@id":"https:\/\/shootingincanarias.com\/servizi\/#primaryimage"},"thumbnailUrl":"https:\/\/shootingincanarias.com\/wp-content\/uploads\/2024\/12\/Foto-HOME.jpg","datePublished":"2024-12-23T11:46:17+00:00","dateModified":"2025-04-17T12:00:17+00:00","breadcrumb":{"@id":"https:\/\/shootingincanarias.com\/servizi\/#breadcrumb"},"inLanguage":"es","potentialAction":[{"@type":"ReadAction","target":["https:\/\/shootingincanarias.com\/servizi\/"]}]},{"@type":"ImageObject","inLanguage":"es","@id":"https:\/\/shootingincanarias.com\/servizi\/#primaryimage","url":"https:\/\/shootingincanarias.com\/wp-content\/uploads\/2024\/12\/Foto-HOME.jpg","contentUrl":"https:\/\/shootingincanarias.com\/wp-content\/uploads\/2024\/12\/Foto-HOME.jpg"},{"@type":"BreadcrumbList","@id":"https:\/\/shootingincanarias.com\/servizi\/#breadcrumb","itemListElement":[{"@type":"ListItem","position":1,"name":"Portada","item":"https:\/\/shootingincanarias.com\/"},{"@type":"ListItem","position":2,"name":"Servizi"}]},{"@type":"WebSite","@id":"https:\/\/shootingincanarias.com\/#website","url":"https:\/\/shootingincanarias.com\/","name":"Video and photo shooting in Canary Islands","description":"Canarias Project Management","publisher":{"@id":"https:\/\/shootingincanarias.com\/#organization"},"potentialAction":[{"@type":"SearchAction","target":{"@type":"EntryPoint","urlTemplate":"https:\/\/shootingincanarias.com\/?s={search_term_string}"},"query-input":{"@type":"PropertyValueSpecification","valueRequired":true,"valueName":"search_term_string"}}],"inLanguage":"es"},{"@type":"Organization","@id":"https:\/\/shootingincanarias.com\/#organization","name":"Video and photo shooting in Canary Islands","url":"https:\/\/shootingincanarias.com\/","logo":{"@type":"ImageObject","inLanguage":"es","@id":"https:\/\/shootingincanarias.com\/#\/schema\/logo\/image\/","url":"https:\/\/shootingincanarias.com\/wp-content\/uploads\/2024\/12\/mario-castelli_favicon.png","contentUrl":"https:\/\/shootingincanarias.com\/wp-content\/uploads\/2024\/12\/mario-castelli_favicon.png","width":512,"height":512,"caption":"Video and photo shooting in Canary Islands"},"image":{"@id":"https:\/\/shootingincanarias.com\/#\/schema\/logo\/image\/"}}]}},"_links":{"self":[{"href":"https:\/\/shootingincanarias.com\/es\/wp-json\/wp\/v2\/pages\/344","targetHints":{"allow":["GET"]}}],"collection":[{"href":"https:\/\/shootingincanarias.com\/es\/wp-json\/wp\/v2\/pages"}],"about":[{"href":"https:\/\/shootingincanarias.com\/es\/wp-json\/wp\/v2\/types\/page"}],"author":[{"embeddable":true,"href":"https:\/\/shootingincanarias.com\/es\/wp-json\/wp\/v2\/users\/13"}],"replies":[{"embeddable":true,"href":"https:\/\/shootingincanarias.com\/es\/wp-json\/wp\/v2\/comments?post=344"}],"version-history":[{"count":82,"href":"https:\/\/shootingincanarias.com\/es\/wp-json\/wp\/v2\/pages\/344\/revisions"}],"predecessor-version":[{"id":846,"href":"https:\/\/shootingincanarias.com\/es\/wp-json\/wp\/v2\/pages\/344\/revisions\/846"}],"wp:attachment":[{"href":"https:\/\/shootingincanarias.com\/es\/wp-json\/wp\/v2\/media?parent=344"}],"curies":[{"name":"wp","href":"https:\/\/api.w.org\/{rel}","templated":true}]}}