{"id":16,"date":"2024-06-18T09:00:58","date_gmt":"2024-06-18T07:00:58","guid":{"rendered":"https:\/\/shootingincanarias.com\/?page_id=16"},"modified":"2024-12-30T18:07:34","modified_gmt":"2024-12-30T17:07:34","slug":"accessibilita","status":"publish","type":"page","link":"https:\/\/shootingincanarias.com\/es\/accessibilita\/","title":{"rendered":"Accesibilidad"},"content":{"rendered":"\t\t<div data-elementor-type=\"wp-page\" data-elementor-id=\"16\" class=\"elementor elementor-16\" data-elementor-post-type=\"page\">\n\t\t\t\t\t\t<section class=\"elementor-section elementor-top-section elementor-element elementor-element-2b8fd098 elementor-section-boxed elementor-section-height-default elementor-section-height-default\" data-id=\"2b8fd098\" data-element_type=\"section\" data-e-type=\"section\">\n\t\t\t\t\t\t<div class=\"elementor-container elementor-column-gap-default\">\n\t\t\t\t\t<div class=\"elementor-column elementor-col-100 elementor-top-column elementor-element elementor-element-556df08f\" data-id=\"556df08f\" data-element_type=\"column\" data-e-type=\"column\" data-settings=\"{&quot;background_background&quot;:&quot;classic&quot;}\">\n\t\t\t<div class=\"elementor-widget-wrap elementor-element-populated\">\n\t\t\t\t\t\t<section class=\"elementor-section elementor-inner-section elementor-element elementor-element-484ecff8 elementor-section-boxed elementor-section-height-default elementor-section-height-default\" data-id=\"484ecff8\" data-element_type=\"section\" data-e-type=\"section\">\n\t\t\t\t\t\t<div class=\"elementor-container elementor-column-gap-no\">\n\t\t\t\t\t<div class=\"elementor-column elementor-col-100 elementor-inner-column elementor-element elementor-element-18d52812\" data-id=\"18d52812\" data-element_type=\"column\" data-e-type=\"column\">\n\t\t\t<div class=\"elementor-widget-wrap elementor-element-populated\">\n\t\t\t\t\t\t<div class=\"elementor-element elementor-element-6d734c0 elementor-widget elementor-widget-heading\" data-id=\"6d734c0\" data-element_type=\"widget\" data-e-type=\"widget\" data-widget_type=\"heading.default\">\n\t\t\t\t<div class=\"elementor-widget-container\">\n\t\t\t\t\t<h2 class=\"elementor-heading-title elementor-size-default\">Accessibilit\u00e0<\/h2>\t\t\t\t<\/div>\n\t\t\t\t<\/div>\n\t\t\t\t\t<\/div>\n\t\t<\/div>\n\t\t\t\t\t<\/div>\n\t\t<\/section>\n\t\t\t\t\t<\/div>\n\t\t<\/div>\n\t\t\t\t\t<\/div>\n\t\t<\/section>\n\t\t\t\t<section class=\"elementor-section elementor-top-section elementor-element elementor-element-5c1ce3f4 elementor-section-boxed elementor-section-height-default elementor-section-height-default\" data-id=\"5c1ce3f4\" data-element_type=\"section\" data-e-type=\"section\">\n\t\t\t\t\t\t<div class=\"elementor-container elementor-column-gap-default\">\n\t\t\t\t\t<div class=\"elementor-column elementor-col-100 elementor-top-column elementor-element elementor-element-739372e8\" data-id=\"739372e8\" data-element_type=\"column\" data-e-type=\"column\">\n\t\t\t<div class=\"elementor-widget-wrap elementor-element-populated\">\n\t\t\t\t\t\t<div class=\"elementor-element elementor-element-95cbe86 elementor-widget elementor-widget-text-editor\" data-id=\"95cbe86\" data-element_type=\"widget\" data-e-type=\"widget\" data-widget_type=\"text-editor.default\">\n\t\t\t\t<div class=\"elementor-widget-container\">\n\t\t\t\t\t\t\t\t\t<p><span>Dichiarazione di accessibilit\u00e0 Il proprietario del sito web si impegna a rendere il proprio sito web accessibile in conformit\u00e0 con il regio decreto 1112\/2018, del 7 settembre, sull&#8217;accessibilit\u00e0 dei siti web e delle applicazioni per dispositivi mobili del settore pubblico (di seguito, regio decreto 1112\/2018, del 7 settembre), che recepisce la Direttiva (UE) 2016\/2102 del Parlamento Europeo e del Consiglio, del 26 ottobre, 2016. La presente informativa si applica a questo sito web. Stato di conformit\u00e0 Questo sito web \u00e8 parzialmente conforme al Regio Decreto 1112\/2018, del 7 settembre, a causa delle eccezioni e dei difetti di conformit\u00e0 degli aspetti indicati di seguito. Contenuto non accessibile Il contenuto raccolto di seguito non \u00e8 accessibile per i seguenti motivi: Mancato rispetto del Regio Decreto 1112\/2018, del 7 settembre:<\/span><\/p><ol><li aria-level=\"1\"><span>Alcune immagini non sono etichettate o hanno un&#8217;alternativa testuale generica [requisito numero 9.1.1.1 della norma UNE-EN 301549:2019 Contenuto non testuale]<\/span><\/li><li aria-level=\"1\"><span>Alcuni video registrati potrebbero non contenere sottotitoli [requisito numero 9.1.2.2 della norma UNE-EN 301549:2019 sottotitoli (registrati)]<\/span><\/li><li aria-level=\"1\"><span>Alcuni video preregistrati sul sito web non dispongono di descrizione audio o media alternativi [requisiti numero 9.1.2.5 e 9.1.2.3 della norma UNE-EN 301549:2019 Descrizione audio o media alternativi (registrati)]<\/span><\/li><li aria-level=\"1\"><span>In alcune pagine le informazioni, la struttura e le relazioni non sono determinate dal software o non hanno alternative al testo. [requisito numero 9.1.3.1 della norma UNE-EN 301549:2019 su informazioni e relazioni.<\/span><\/li><li aria-level=\"1\"><span>In alcune pagine, il colore \u00e8 stato utilizzato come unico mezzo visivo per trasmettere informazioni, indicare un&#8217;azione, provocare una risposta o distinguere un elemento visivo [requisito numero 9.1.4.1 della norma UNE-EN 301549:2019 uso del colore].<\/span><\/li><li aria-level=\"1\"><span>Su alcune pagine potrebbero essere presenti attributi e identificatori duplicati [requisito numero 9.4.1.1 della norma di elaborazione UNE-EN 301549:2019]<\/span><\/li><li aria-level=\"1\"><span>In alcune pagine, i componenti dell&#8217;interfaccia utente come elementi del modulo, collegamenti e componenti generati da script non seguono la struttura raccomandata dalle linee guida sull&#8217;accessibilit\u00e0 [requisito numero 9.4.1.2 della norma UNE-EN 301549:2019 Nome, funzione, valore ]<\/span><\/li><li aria-level=\"1\"><span>In alcuni moduli, il campo di input che raccoglie informazioni sull&#8217;utente non ha lo scopo identificato [requisito numero 9.1.3.5 della norma UNE-EN 301549:2019 identificazione dello scopo di input]<\/span><\/li><li aria-level=\"1\"><span>Su alcune pagine il rapporto di contrasto nel testo o nelle immagini potrebbe non essere almeno 4,5:1 [requisito numero 9.1.4.3 dello standard di contrasto minimo UNE-EN 301549:2019]<\/span><\/li><li aria-level=\"1\"><span>Su alcune pagine il contrasto dei componenti dell&#8217;interfaccia utente e degli oggetti grafici potrebbe non raggiungere 3:1 con i colori adiacenti [requisito numero 9.1.4.11 della norma UNE-EN 301549:2019 contrasto non testuale]<\/span><\/li><li aria-level=\"1\"><span>Occasionalmente, potrebbe verificarsi un errore di immissione in un campo\/modulo per il quale all&#8217;utente non \u00e8 stato notificato il suggerimento per risolverlo [requisito numero 9.3.3.3 della norma UNE-EN 301549:2019, Suggerimento per errori]<\/span><\/li><li aria-level=\"1\"><span>In alcune pagine, i messaggi di stato potrebbero non essere determinati a livello di programmazione tramite funzioni o propriet\u00e0 [requisito numero 9.4.1.3 della norma UNE-EN 301549:2019 messaggi di stato].<\/span><\/li><\/ol><p><span>Onere sproporzionato Non applicabile Il contenuto non rientra nell&#8217;ambito della legislazione applicabile<\/span><\/p><ol><li aria-level=\"1\"><span>Potrebbero esserci file Office in PDF o altri formati pubblicati prima del 20 settembre 2018 che non soddisfano pienamente tutti i requisiti di accessibilit\u00e0.<\/span><\/li><\/ol><p><span>Osservazioni e informazioni di contatto Le comunicazioni relative ai requisiti di accessibilit\u00e0 (articolo 10.2.a del Regio Decreto 1112\/2018, del 7 settembre) possono essere effettuate tramite il modulo di contatto, ad esempio:<\/span><\/p><ul><li aria-level=\"1\"><span>Segnalare ogni possibile violazione da parte di questo sito<\/span><\/li><li aria-level=\"1\"><span>Trasmetti altre difficolt\u00e0 di accesso ai contenuti<\/span><\/li><li aria-level=\"1\"><span>Porre eventuali altre domande o suggerimenti per migliorare l&#8217;accessibilit\u00e0 del sito web.<\/span><\/li><\/ul><p><span>Le comunicazioni saranno ricevute e trattate dall&#8217;Unit\u00e0 Responsabile dell&#8217;Accessibilit\u00e0.<\/span><\/p>\t\t\t\t\t\t\t\t<\/div>\n\t\t\t\t<\/div>\n\t\t\t\t\t<\/div>\n\t\t<\/div>\n\t\t\t\t\t<\/div>\n\t\t<\/section>\n\t\t\t\t<\/div>\n\t\t","protected":false},"excerpt":{"rendered":"<p>Accessibilit\u00e0 Dichiarazione di accessibilit\u00e0 Il proprietario del sito web si impegna a rendere il proprio sito web accessibile in conformit\u00e0 con il regio decreto 1112\/2018, del 7 settembre, sull&#8217;accessibilit\u00e0 dei siti web e delle applicazioni per dispositivi mobili del settore pubblico (di seguito, regio decreto 1112\/2018, del 7 settembre), che recepisce la Direttiva (UE) 2016\/2102 [&hellip;]<\/p>\n","protected":false},"author":2,"featured_media":0,"parent":0,"menu_order":0,"comment_status":"closed","ping_status":"closed","template":"elementor_header_footer","meta":{"footnotes":""},"class_list":["post-16","page","type-page","status-publish","hentry"],"yoast_head":"<!-- This site is optimized with the Yoast SEO plugin v27.4 - https:\/\/yoast.com\/product\/yoast-seo-wordpress\/ -->\n<title>Accessibilit\u00e0 - Video and photo shooting in Canary Islands<\/title>\n<meta name=\"robots\" content=\"noindex, follow\" \/>\n<meta property=\"og:locale\" content=\"es_ES\" \/>\n<meta property=\"og:type\" content=\"article\" \/>\n<meta property=\"og:title\" content=\"Accessibilit\u00e0 - Video and photo shooting in Canary Islands\" \/>\n<meta property=\"og:description\" content=\"Accessibilit\u00e0 Dichiarazione di accessibilit\u00e0 Il proprietario del sito web si impegna a rendere il proprio sito web accessibile in conformit\u00e0 con il regio decreto 1112\/2018, del 7 settembre, sull&#8217;accessibilit\u00e0 dei siti web e delle applicazioni per dispositivi mobili del settore pubblico (di seguito, regio decreto 1112\/2018, del 7 settembre), che recepisce la Direttiva (UE) 2016\/2102 [&hellip;]\" \/>\n<meta property=\"og:url\" content=\"https:\/\/shootingincanarias.com\/es\/accessibilita\/\" \/>\n<meta property=\"og:site_name\" content=\"Video and photo shooting in Canary Islands\" \/>\n<meta property=\"article:modified_time\" content=\"2024-12-30T17:07:34+00:00\" \/>\n<meta name=\"twitter:card\" content=\"summary_large_image\" \/>\n<script type=\"application\/ld+json\" class=\"yoast-schema-graph\">{\"@context\":\"https:\\\/\\\/schema.org\",\"@graph\":[{\"@type\":\"WebPage\",\"@id\":\"https:\\\/\\\/shootingincanarias.com\\\/accessibilita\\\/\",\"url\":\"https:\\\/\\\/shootingincanarias.com\\\/accessibilita\\\/\",\"name\":\"Accessibilit\u00e0 - Video and photo shooting in Canary Islands\",\"isPartOf\":{\"@id\":\"https:\\\/\\\/shootingincanarias.com\\\/#website\"},\"datePublished\":\"2024-06-18T07:00:58+00:00\",\"dateModified\":\"2024-12-30T17:07:34+00:00\",\"breadcrumb\":{\"@id\":\"https:\\\/\\\/shootingincanarias.com\\\/accessibilita\\\/#breadcrumb\"},\"inLanguage\":\"es\",\"potentialAction\":[{\"@type\":\"ReadAction\",\"target\":[\"https:\\\/\\\/shootingincanarias.com\\\/accessibilita\\\/\"]}]},{\"@type\":\"BreadcrumbList\",\"@id\":\"https:\\\/\\\/shootingincanarias.com\\\/accessibilita\\\/#breadcrumb\",\"itemListElement\":[{\"@type\":\"ListItem\",\"position\":1,\"name\":\"Portada\",\"item\":\"https:\\\/\\\/shootingincanarias.com\\\/\"},{\"@type\":\"ListItem\",\"position\":2,\"name\":\"Accessibilit\u00e0\"}]},{\"@type\":\"WebSite\",\"@id\":\"https:\\\/\\\/shootingincanarias.com\\\/#website\",\"url\":\"https:\\\/\\\/shootingincanarias.com\\\/\",\"name\":\"Video and photo shooting in Canary Islands\",\"description\":\"Canarias Project Management\",\"publisher\":{\"@id\":\"https:\\\/\\\/shootingincanarias.com\\\/#organization\"},\"potentialAction\":[{\"@type\":\"SearchAction\",\"target\":{\"@type\":\"EntryPoint\",\"urlTemplate\":\"https:\\\/\\\/shootingincanarias.com\\\/?s={search_term_string}\"},\"query-input\":{\"@type\":\"PropertyValueSpecification\",\"valueRequired\":true,\"valueName\":\"search_term_string\"}}],\"inLanguage\":\"es\"},{\"@type\":\"Organization\",\"@id\":\"https:\\\/\\\/shootingincanarias.com\\\/#organization\",\"name\":\"Video and photo shooting in Canary Islands\",\"url\":\"https:\\\/\\\/shootingincanarias.com\\\/\",\"logo\":{\"@type\":\"ImageObject\",\"inLanguage\":\"es\",\"@id\":\"https:\\\/\\\/shootingincanarias.com\\\/#\\\/schema\\\/logo\\\/image\\\/\",\"url\":\"https:\\\/\\\/shootingincanarias.com\\\/wp-content\\\/uploads\\\/2024\\\/12\\\/mario-castelli_favicon.png\",\"contentUrl\":\"https:\\\/\\\/shootingincanarias.com\\\/wp-content\\\/uploads\\\/2024\\\/12\\\/mario-castelli_favicon.png\",\"width\":512,\"height\":512,\"caption\":\"Video and photo shooting in Canary Islands\"},\"image\":{\"@id\":\"https:\\\/\\\/shootingincanarias.com\\\/#\\\/schema\\\/logo\\\/image\\\/\"}}]}<\/script>\n<!-- \/ Yoast SEO plugin. -->","yoast_head_json":{"title":"Accessibilit\u00e0 - Video and photo shooting in Canary Islands","robots":{"index":"noindex","follow":"follow"},"og_locale":"es_ES","og_type":"article","og_title":"Accessibilit\u00e0 - Video and photo shooting in Canary Islands","og_description":"Accessibilit\u00e0 Dichiarazione di accessibilit\u00e0 Il proprietario del sito web si impegna a rendere il proprio sito web accessibile in conformit\u00e0 con il regio decreto 1112\/2018, del 7 settembre, sull&#8217;accessibilit\u00e0 dei siti web e delle applicazioni per dispositivi mobili del settore pubblico (di seguito, regio decreto 1112\/2018, del 7 settembre), che recepisce la Direttiva (UE) 2016\/2102 [&hellip;]","og_url":"https:\/\/shootingincanarias.com\/es\/accessibilita\/","og_site_name":"Video and photo shooting in Canary Islands","article_modified_time":"2024-12-30T17:07:34+00:00","twitter_card":"summary_large_image","schema":{"@context":"https:\/\/schema.org","@graph":[{"@type":"WebPage","@id":"https:\/\/shootingincanarias.com\/accessibilita\/","url":"https:\/\/shootingincanarias.com\/accessibilita\/","name":"Accessibilit\u00e0 - Video and photo shooting in Canary Islands","isPartOf":{"@id":"https:\/\/shootingincanarias.com\/#website"},"datePublished":"2024-06-18T07:00:58+00:00","dateModified":"2024-12-30T17:07:34+00:00","breadcrumb":{"@id":"https:\/\/shootingincanarias.com\/accessibilita\/#breadcrumb"},"inLanguage":"es","potentialAction":[{"@type":"ReadAction","target":["https:\/\/shootingincanarias.com\/accessibilita\/"]}]},{"@type":"BreadcrumbList","@id":"https:\/\/shootingincanarias.com\/accessibilita\/#breadcrumb","itemListElement":[{"@type":"ListItem","position":1,"name":"Portada","item":"https:\/\/shootingincanarias.com\/"},{"@type":"ListItem","position":2,"name":"Accessibilit\u00e0"}]},{"@type":"WebSite","@id":"https:\/\/shootingincanarias.com\/#website","url":"https:\/\/shootingincanarias.com\/","name":"Video and photo shooting in Canary Islands","description":"Canarias Project Management","publisher":{"@id":"https:\/\/shootingincanarias.com\/#organization"},"potentialAction":[{"@type":"SearchAction","target":{"@type":"EntryPoint","urlTemplate":"https:\/\/shootingincanarias.com\/?s={search_term_string}"},"query-input":{"@type":"PropertyValueSpecification","valueRequired":true,"valueName":"search_term_string"}}],"inLanguage":"es"},{"@type":"Organization","@id":"https:\/\/shootingincanarias.com\/#organization","name":"Video and photo shooting in Canary Islands","url":"https:\/\/shootingincanarias.com\/","logo":{"@type":"ImageObject","inLanguage":"es","@id":"https:\/\/shootingincanarias.com\/#\/schema\/logo\/image\/","url":"https:\/\/shootingincanarias.com\/wp-content\/uploads\/2024\/12\/mario-castelli_favicon.png","contentUrl":"https:\/\/shootingincanarias.com\/wp-content\/uploads\/2024\/12\/mario-castelli_favicon.png","width":512,"height":512,"caption":"Video and photo shooting in Canary Islands"},"image":{"@id":"https:\/\/shootingincanarias.com\/#\/schema\/logo\/image\/"}}]}},"_links":{"self":[{"href":"https:\/\/shootingincanarias.com\/es\/wp-json\/wp\/v2\/pages\/16","targetHints":{"allow":["GET"]}}],"collection":[{"href":"https:\/\/shootingincanarias.com\/es\/wp-json\/wp\/v2\/pages"}],"about":[{"href":"https:\/\/shootingincanarias.com\/es\/wp-json\/wp\/v2\/types\/page"}],"author":[{"embeddable":true,"href":"https:\/\/shootingincanarias.com\/es\/wp-json\/wp\/v2\/users\/2"}],"replies":[{"embeddable":true,"href":"https:\/\/shootingincanarias.com\/es\/wp-json\/wp\/v2\/comments?post=16"}],"version-history":[{"count":15,"href":"https:\/\/shootingincanarias.com\/es\/wp-json\/wp\/v2\/pages\/16\/revisions"}],"predecessor-version":[{"id":455,"href":"https:\/\/shootingincanarias.com\/es\/wp-json\/wp\/v2\/pages\/16\/revisions\/455"}],"wp:attachment":[{"href":"https:\/\/shootingincanarias.com\/es\/wp-json\/wp\/v2\/media?parent=16"}],"curies":[{"name":"wp","href":"https:\/\/api.w.org\/{rel}","templated":true}]}}