{"id":15,"date":"2024-06-18T09:00:47","date_gmt":"2024-06-18T07:00:47","guid":{"rendered":"https:\/\/shootingincanarias.com\/?page_id=15"},"modified":"2024-12-30T18:05:47","modified_gmt":"2024-12-30T17:05:47","slug":"legale","status":"publish","type":"page","link":"https:\/\/shootingincanarias.com\/es\/legale\/","title":{"rendered":"Aviso legal"},"content":{"rendered":"<div data-elementor-type=\"wp-page\" data-elementor-id=\"15\" class=\"elementor elementor-15\" data-elementor-post-type=\"page\">\n\t\t\t\t\t\t<section class=\"elementor-section elementor-top-section elementor-element elementor-element-5e34f422 elementor-section-boxed elementor-section-height-default elementor-section-height-default\" data-id=\"5e34f422\" data-element_type=\"section\" data-e-type=\"section\">\n\t\t\t\t\t\t<div class=\"elementor-container elementor-column-gap-default\">\n\t\t\t\t\t<div class=\"elementor-column elementor-col-100 elementor-top-column elementor-element elementor-element-1f6b0e42\" data-id=\"1f6b0e42\" data-element_type=\"column\" data-e-type=\"column\" data-settings=\"{&quot;background_background&quot;:&quot;classic&quot;}\">\n\t\t\t<div class=\"elementor-widget-wrap elementor-element-populated\">\n\t\t\t\t\t\t<section class=\"elementor-section elementor-inner-section elementor-element elementor-element-7bcd9cce elementor-section-boxed elementor-section-height-default elementor-section-height-default\" data-id=\"7bcd9cce\" data-element_type=\"section\" data-e-type=\"section\">\n\t\t\t\t\t\t<div class=\"elementor-container elementor-column-gap-no\">\n\t\t\t\t\t<div class=\"elementor-column elementor-col-100 elementor-inner-column elementor-element elementor-element-59a24c95\" data-id=\"59a24c95\" data-element_type=\"column\" data-e-type=\"column\">\n\t\t\t<div class=\"elementor-widget-wrap elementor-element-populated\">\n\t\t\t\t\t\t<div class=\"elementor-element elementor-element-199720ad elementor-widget elementor-widget-heading\" data-id=\"199720ad\" data-element_type=\"widget\" data-e-type=\"widget\" data-widget_type=\"heading.default\">\n\t\t\t\t<div class=\"elementor-widget-container\">\n\t\t\t\t\t<h2 class=\"elementor-heading-title elementor-size-default\">Aviso legal<\/h2>\t\t\t\t<\/div>\n\t\t\t\t<\/div>\n\t\t\t\t\t<\/div>\n\t\t<\/div>\n\t\t\t\t\t<\/div>\n\t\t<\/section>\n\t\t\t\t\t<\/div>\n\t\t<\/div>\n\t\t\t\t\t<\/div>\n\t\t<\/section>\n\t\t\t\t<section class=\"elementor-section elementor-top-section elementor-element elementor-element-62530e0e elementor-section-boxed elementor-section-height-default elementor-section-height-default\" data-id=\"62530e0e\" data-element_type=\"section\" data-e-type=\"section\">\n\t\t\t\t\t\t<div class=\"elementor-container elementor-column-gap-default\">\n\t\t\t\t\t<div class=\"elementor-column elementor-col-100 elementor-top-column elementor-element elementor-element-7bd0bfc1\" data-id=\"7bd0bfc1\" data-element_type=\"column\" data-e-type=\"column\">\n\t\t\t<div class=\"elementor-widget-wrap elementor-element-populated\">\n\t\t\t\t\t\t<div class=\"elementor-element elementor-element-54618abf elementor-widget elementor-widget-text-editor\" data-id=\"54618abf\" data-element_type=\"widget\" data-e-type=\"widget\" data-widget_type=\"text-editor.default\">\n\t\t\t\t<div class=\"elementor-widget-container\">\n\t\t\t\t\t\t\t\t\t<h3><span>I. INFORMACI\u00d3N GENERAL<\/span><\/h3><p><span>En cumplimiento con el deber de informaci\u00f3n recogido en la Ley 34\/2002, de 11 de julio, de Servicios de la Sociedad de la Informaci\u00f3n y del Comercio Electr\u00f3nico (LSSI-CE), a continuaci\u00f3n se indican los datos de informaci\u00f3n general de este sitio web:<\/span><\/p><p><span>Propiedad de este sitio web,\u00a0\u00a0<\/span><span class=\"blanc-space ng-binding\"><span>https:\/\/shootingincanarias.com\/<\/span><\/span><span>\u00a0(en adelante, Sitio Web) es propiedad de:\u00a0\u00a0<\/span><span class=\"blanc-space ng-binding\"><span>Mario Castelli<\/span><\/span><span>\u00a0con NIF:\u00a0\u00a0<\/span><span class=\"blanc-space ng-binding\"><span>Y9489576C<\/span><\/span><span>\u00a0y cuyos datos de contacto son:<\/span><\/p><p><span>Direcci\u00f3n:\u00a0\u00a0<\/span><span class=\"blanc-space ng-binding\"><span>C\/Rep\u00fablica Dominicana 2 35010 Las Palmas<\/span><\/span><\/p><p><span>Tel\u00e9fono de contacto:\u00a0\u00a0<\/span><span class=\"blanc-space ng-binding\"><span>+34656752346<\/span><\/span><\/p><p><span>Correo electr\u00f3nico de contacto:\u00a0\u00a0<\/span><span class=\"blanc-space ng-binding\"><span>mcastelli1@gmail.com<\/span><\/span><\/p><h3><span>II. CONDICIONES GENERALES DE USO<\/span><\/h3><h4><span>Objeto de las condiciones: el sitio web<\/span><\/h4><p><span>Las presentes Condiciones Generales de Uso (en adelante, Condiciones) tienen por objeto regular el acceso y la utilizaci\u00f3n del Sitio. A los efectos de las presentes Condiciones, se entender\u00e1 por Sitio: la apariencia externa de las interfaces de pantalla, tanto est\u00e1ticas como din\u00e1micas, es decir, el \u00e1rbol de navegaci\u00f3n; y todos los elementos integrados tanto en las interfaces de pantalla como en el \u00e1rbol de navegaci\u00f3n (en adelante, los Contenidos) y todos aquellos servicios o recursos en l\u00ednea que ofrece a los Usuarios (en adelante, los Servicios).<\/span><\/p><p><span class=\"blanc-space ng-binding\"><span>Mario Castelli<\/span><\/span><span>\u00a0\u00a0se reserva la facultad de modificar, en cualquier momento y sin aviso previo, la presentaci\u00f3n y configuraci\u00f3n del Sitio y de los Contenidos y Servicios que en \u00e9l se incorporan. Usted reconoce y acepta que en cualquier momento\u00a0\u00a0<\/span><span class=\"blanc-space ng-binding\"><span>Mario Castelli<\/span><\/span><span>\u00a0\u00a0podr\u00e1 interrumpir, desactivar y\/o suprimir cualquiera de estos elementos integrados en el Sitio o el acceso al mismo.<\/span><\/p><p><span>El acceso al Portal por parte del Usuario es gratuito y, con car\u00e1cter general, tiene car\u00e1cter libre y gratuito sin que el Usuario tenga que aportar contraprestaci\u00f3n alguna por poder utilizarlo, salvo en lo relativo al coste de la conexi\u00f3n a trav\u00e9s de la red de telecomunicaciones suministrada por el proveedor de acceso que el Usuario tenga contratado.<\/span><\/p><p><span>La utilizaci\u00f3n de cualquier Contenido o Servicio del Sitio Web podr\u00e1 hacerse previa suscripci\u00f3n o registro del Usuario.<\/span><\/p><h4><span>El usuario<\/span><\/h4><p><span>El acceso, navegaci\u00f3n y uso del Sitio, as\u00ed como los espacios habilitados para la interacci\u00f3n entre Usuarios, y entre el Usuario y\u00a0\u00a0<\/span><span class=\"blanc-space ng-binding\"><span>Mario Castelli<\/span><\/span><span>\u00a0como los espacios de comentarios y\/o blog, atribuye al Usuario la condici\u00f3n de Usuario, por lo que acepta, desde el mismo momento en que comienza a navegar por el Sitio, todas las Condiciones aqu\u00ed establecidas, as\u00ed como sus posteriores modificaciones, sin perjuicio de la aplicaci\u00f3n de las correspondientes normas de derecho imperativo seg\u00fan el caso. Dada la relevancia de lo expuesto, se recomienda al Usuario su lectura cada vez que visite el Sitio.<\/span><\/p><p><span>El sitio\u00a0\u00a0<\/span><span class=\"blanc-space ng-binding\"><span>Mario Castelli<\/span><\/span><span>\u00a0\u00a0proporciona una amplia variedad de informaci\u00f3n, servicios y datos. El Usuario asume su responsabilidad en el uso correcto del Sitio. Esta responsabilidad se extender\u00e1 a:<\/span><\/p><ul><li><span>Un uso de la informaci\u00f3n, Contenidos y\/o Servicios y datos ofrecidos por\u00a0\u00a0<\/span><span class=\"blanc-space ng-binding\"><span>Mario Castelli<\/span><\/span><span>\u00a0\u00a0sin que sean contrarios a lo dispuesto en las presentes Condiciones Generales, la Ley, la moral o el orden p\u00fablico, o que de cualquier otro modo puedan suponer lesi\u00f3n de los derechos de terceros o del mismo funcionamiento del Sitio.<\/span><\/li><li><span>La veracidad y licitud de las informaciones aportadas por el Usuario en los formularios emitidos por\u00a0\u00a0<\/span><span class=\"blanc-space ng-binding\"><span>Mario Castelli<\/span><\/span><span>\u00a0\u00a0para el acceso a determinados Contenidos o Servicios ofrecidos por el Sitio. En cualquier caso, el Usuario deber\u00e1 informar inmediatamente a\u00a0\u00a0<\/span><span class=\"blanc-space ng-binding\"><span>Mario Castelli<\/span><\/span><span>\u00a0\u00a0de cualquier hecho que permita el uso indebido de la informaci\u00f3n registrada en dichos formularios, tales como, entre otros, el robo, extrav\u00edo, o el acceso no autorizado a identificadores y\/o contrase\u00f1as, con el fin de proceder a su inmediata supresi\u00f3n.<\/span><\/li><\/ul><p><span class=\"blanc-space ng-binding\"><span>Mario Castelli<\/span><\/span><span>\u00a0\u00a0se reserva el derecho de retirar todos aquellos comentarios y aportaciones que vulneren la ley, el respeto a la dignidad de la persona, que sean discriminatorios, xen\u00f3fobos, racistas, pornogr\u00e1ficos, spam, que atenten contra la juventud o la infancia, el orden o la seguridad p\u00fablica o que, a su juicio, no resultaran adecuados para su publicaci\u00f3n.<\/span><\/p><p><span>En cualquier caso,\u00a0\u00a0<\/span><span class=\"blanc-space ng-binding\"><span>Mario Castelli<\/span><\/span><span>\u00a0\u00a0no ser\u00e1 responsable de las opiniones vertidas por los Usuarios a trav\u00e9s de comentarios u otras herramientas de blogging o participaci\u00f3n que puedan existir.<\/span><\/p><p><span>El mero acceso a este Sitio no supone entablar ning\u00fan tipo de relaci\u00f3n de car\u00e1cter comercial entre\u00a0\u00a0<\/span><span class=\"blanc-space ng-binding\"><span>Mario Castelli<\/span><\/span><span>\u00a0\u00a0y el Usuario.<\/span><\/p><p><span>El Usuario declara que es mayor de edad y dispone de la capacidad jur\u00eddica suficiente para vincularse por las presentes Condiciones. Por lo tanto, este Sitio\u00a0<\/span><span class=\"blanc-space ng-binding\"><span>Mario Castelli<\/span><\/span><span>\u00a0\u00a0no est\u00e1 dirigido a menores.\u00a0\u00a0<\/span><span class=\"blanc-space ng-binding\"><span>Mario Castelli<\/span><\/span><span>\u00a0\u00a0declina toda responsabilidad por el incumplimiento de esta obligaci\u00f3n.<\/span><\/p><p><span>El Sitio est\u00e1 destinado principalmente a Usuarios residentes en\u00a0\u00a0<\/span><span class=\"blanc-space ng-binding\"><span>Espa\u00f1a<\/span><\/span><span>\u00a0.\u00a0\u00a0<\/span><span class=\"blanc-space ng-binding\"><span>Mario Castelli<\/span><\/span><span>\u00a0\u00a0no garantiza que el Sitio cumpla, total o parcialmente, con las leyes de otros pa\u00edses. Si el Usuario reside o est\u00e1 domiciliado en otro lugar y decide acceder y\/o navegar por el Sitio, lo har\u00e1 bajo su propia responsabilidad y se asegurar\u00e1 de que dicho acceso y navegaci\u00f3n cumple con la legislaci\u00f3n local aplicable. hacia \u00e9l\/ella.\u00a0\u00a0<\/span><span class=\"blanc-space ng-binding\"><span>Mario no contrata a Castelli<\/span><\/span><span>\u00a0\u00a0cualquier responsabilidad que pudiera derivarse de dicho acceso.<\/span><\/p><h3><span>III. ACCESO Y NAVEGACI\u00d3N POR EL SITIO: EXCLUSI\u00d3N DE GARANT\u00cdAS Y DE RESPONSABILIDAD<\/span><\/h3><p><span class=\"blanc-space ng-binding\"><span>Mario Castelli<\/span><\/span><span>\u00a0\u00a0no garantiza la continuidad, disponibilidad o utilidad del Sitio, de los Contenidos o de los Servicios.\u00a0\u00a0<\/span><span class=\"blanc-space ng-binding\"><span>Mario Castelli<\/span><\/span><span>\u00a0\u00a0har\u00e1 todo lo posible por garantizar el correcto funcionamiento del Sitio, sin embargo, no se responsabiliza ni garantiza que el acceso a este Sitio sea ininterrumpido o que est\u00e9 libre de error.<\/span><\/p><p><span>Tampoco se responsabiliza o garantiza que el contenido o software al que pueda accederse a trav\u00e9s de esta web, est\u00e9 libre de error o cause un da\u00f1o en el sistema inform\u00e1tico (software y hardware) del Usuario. En ning\u00fan caso\u00a0\u00a0<\/span><span class=\"blanc-space ng-binding\"><span>Mario Castelli<\/span><\/span><span>\u00a0\u00a0ser\u00e1 responsable de las p\u00e9rdidas, da\u00f1os o perjuicios de cualquier tipo que surjan por acceder, navegar y usar el Sitio, incluy\u00e9ndose, pero no limit\u00e1ndose, a los ocasionados a los sistemas inform\u00e1ticos o los provocados por la introducci\u00f3n de virus.<\/span><\/p><p><span class=\"blanc-space ng-binding\"><span>Mario Castelli<\/span><\/span><span>\u00a0\u00a0tampoco se hace responsable de los da\u00f1os que pudiesen ocasionarse a los usuarios por un uso inadecuado de este Sitio. En particular, no se hace responsable en modo alguno de las ca\u00eddas, interrupciones, falta o defecto de las telecomunicaciones que pudieran ocurrir.<\/span><\/p><h3><span>IV. POL\u00cdTICA DE ENLACES<\/span><\/h3><p><span>El Usuario o tercero que realice un hiperenlace desde una p\u00e1gina web de otro sitio al Sitio\u00a0\u00a0<\/span><span class=\"blanc-space ng-binding\"><span>Mario Castelli<\/span><\/span><span>\u00a0\u00a0debe saberlo:<\/span><\/p><p><span>Queda prohibida la reproducci\u00f3n -total o parcial- de cualquier Contenido y\/o Servicio del Sitio sin la autorizaci\u00f3n expresa de\u00a0\u00a0<\/span><span class=\"blanc-space ng-binding\"><span>Mario Castelli<\/span><\/span><span>\u00a0.<\/span><\/p><p><span>No se permiten declaraciones falsas, incorrectas o inexactas en el sitio web.\u00a0\u00a0<\/span><span class=\"blanc-space ng-binding\"><span>Mario Castelli<\/span><\/span><span>\u00a0ni en sus Contenidos y\/o Servicios.<\/span><\/p><p><span>A excepci\u00f3n del hiperv\u00ednculo, el sitio web en el que se establezca este hiperenlace no contendr\u00e1 ning\u00fan elemento de este sitio web, protegido como propiedad intelectual por el ordenamiento jur\u00eddico espa\u00f1ol, salvo autorizaci\u00f3n expresa de\u00a0\u00a0<\/span><span class=\"blanc-space ng-binding\"><span>Mario Castelli<\/span><\/span><span>\u00a0.<\/span><\/p><p><span>El establecimiento del hiperv\u00ednculo no implica la existencia de relaciones entre\u00a0\u00a0<\/span><span class=\"blanc-space ng-binding\"><span>Mario Castelli<\/span><\/span><span>\u00a0\u00a0y el propietario del sitio web del que procede, ni el conocimiento y aceptaci\u00f3n por parte de\u00a0\u00a0<\/span><span class=\"blanc-space ng-binding\"><span>Mario Castelli<\/span><\/span><span>\u00a0\u00a0de los contenidos, servicios y\/o actividades ofrecidos en dicho sitio web, y viceversa. .<\/span><\/p><h3><span>V. PROPIEDAD INTELECTUAL E INDUSTRIAL<\/span><\/h3><p><span class=\"blanc-space ng-binding\"><span>Mario Castelli,<\/span><\/span><span>\u00a0\u00a0es titular de todos los derechos de propiedad intelectual e industrial de la P\u00e1gina, as\u00ed como de los elementos contenidos en la misma (a t\u00edtulo enunciativo, im\u00e1genes, sonidos, audio, v\u00eddeo, software o textos; marcas o logotipos, combinaciones de colores, estructura y dise\u00f1o, selecci\u00f3n de materiales usados, programas de ordenador necesarios para su funcionamiento, acceso y uso, etc.). Estas obras estar\u00e1n, por tanto, protegidas como propiedad intelectual por el ordenamiento jur\u00eddico espa\u00f1ol, si\u00e9ndoles de aplicaci\u00f3n tanto la legislaci\u00f3n espa\u00f1ola y comunitaria sobre la materia, como los tratados internacionales sobre la materia suscritos por Espa\u00f1a.<\/span><\/p><p><span>Todos los derechos reservados. En virtud de lo dispuesto en la Ley de Propiedad Intelectual, quedan expresamente prohibidas la reproducci\u00f3n, la distribuci\u00f3n y la comunicaci\u00f3n p\u00fablica, incluida su modalidad de puesta a disposici\u00f3n, de la totalidad o parte de los contenidos de esta p\u00e1gina web, con fines comerciales, en cualquier soporte y por cualquier medio t\u00e9cnico, sin la autorizaci\u00f3n de\u00a0\u00a0<\/span><span class=\"blanc-space ng-binding\"><span>Mario Castelli<\/span><\/span><span>\u00a0.<\/span><\/p><p><span>El Usuario se compromete a respetar los derechos de propiedad intelectual e industrial de\u00a0\u00a0<\/span><span class=\"blanc-space ng-binding\"><span>Mario Castelli<\/span><\/span><span>\u00a0. Podr\u00e1 visualizar los elementos del Site o incluso imprimirlos, copiarlos y almacenarlos en el disco duro de su ordenador o en cualquier otro soporte f\u00edsico siempre y cuando sea, \u00fanica y exclusivamente, para su uso personal. No obstante, no podr\u00e1 suprimir, alterar, eludir o manipular cualquier dispositivo de protecci\u00f3n o sistema de seguridad que estuviera instalado en el Sitio.<\/span><\/p><p><span>En caso de que el Usuario o un tercero considere que cualquiera de los Contenidos del Sitio constituye una infracci\u00f3n de los derechos de propiedad intelectual, deber\u00e1 notificarlo inmediatamente a\u00a0\u00a0<\/span><span class=\"blanc-space ng-binding\"><span>Mario Castelli<\/span><\/span><span>\u00a0\u00a0a trav\u00e9s de los datos de contacto que figuran en la secci\u00f3n INFORMACI\u00d3N GENERAL de estos Avisos Legales y Condiciones Generales. de Uso.<\/span><\/p><h3><span>VI. ACCIONES LEGALES, LEY APLICABLE Y JURISDICCI\u00d3N<\/span><\/h3><p><span class=\"blanc-space ng-binding\"><span>Mario Castelli<\/span><\/span><span>\u00a0\u00a0se reserva el derecho de emprender las acciones civiles o penales que considere necesarias por el uso indebido del Sitio y de los Contenidos, o por el incumplimiento de las presentes Condiciones.<\/span><\/p><p><span>La relaci\u00f3n entre el usuario y\u00a0\u00a0<\/span><span class=\"blanc-space ng-binding\"><span>Mario Castelli<\/span><\/span><span>\u00a0\u00a0se regir\u00e1n por la legislaci\u00f3n vigente y aplicable en el territorio espa\u00f1ol. De surgir controversias en relaci\u00f3n con la interpretaci\u00f3n y\/o aplicaci\u00f3n de las presentes Condiciones, las partes someter\u00e1n sus conflictos a la jurisdicci\u00f3n ordinaria, someti\u00e9ndose a los Juzgados y Tribunales que correspondan conforme a derecho.<\/span><\/p>\t\t\t\t\t\t\t\t<\/div>\n\t\t\t\t<\/div>\n\t\t\t\t\t<\/div>\n\t\t<\/div>\n\t\t\t\t\t<\/div>\n\t\t<\/section>\n\t\t\t\t<\/div>","protected":false},"excerpt":{"rendered":"<p>Avviso legale I. INFORMAZIONI GENERALI In ottemperanza all&#8217;obbligo di informazione previsto dalla legge 34\/2002 sui servizi della societ\u00e0 dell&#8217;informazione e sul commercio elettronico (LSSI-CE) dell&#8217;11 luglio, si forniscono di seguito le seguenti informazioni generali su questo sito web: La propriet\u00e0 di questo sito web,\u00a0\u00a0https:\/\/shootingincanarias.com\/\u00a0, (di seguito, Sito web) \u00e8 detenuta da:\u00a0\u00a0Mario Castelli\u00a0, con NIF:\u00a0\u00a0Y9489576C\u00a0, e [&hellip;]<\/p>\n","protected":false},"author":2,"featured_media":0,"parent":0,"menu_order":0,"comment_status":"closed","ping_status":"closed","template":"elementor_header_footer","meta":{"footnotes":""},"class_list":["post-15","page","type-page","status-publish","hentry"],"yoast_head":"<!-- This site is optimized with the Yoast SEO plugin v27.4 - https:\/\/yoast.com\/product\/yoast-seo-wordpress\/ -->\n<title>Avviso legale - Video and photo shooting in Canary Islands<\/title>\n<meta name=\"robots\" content=\"noindex, follow\" \/>\n<meta property=\"og:locale\" content=\"es_ES\" \/>\n<meta property=\"og:type\" content=\"article\" \/>\n<meta property=\"og:title\" content=\"Avviso legale - Video and photo shooting in Canary Islands\" \/>\n<meta property=\"og:description\" content=\"Avviso legale I. INFORMAZIONI GENERALI In ottemperanza all&#8217;obbligo di informazione previsto dalla legge 34\/2002 sui servizi della societ\u00e0 dell&#8217;informazione e sul commercio elettronico (LSSI-CE) dell&#8217;11 luglio, si forniscono di seguito le seguenti informazioni generali su questo sito web: La propriet\u00e0 di questo sito web,\u00a0\u00a0https:\/\/shootingincanarias.com\/\u00a0, (di seguito, Sito web) \u00e8 detenuta da:\u00a0\u00a0Mario Castelli\u00a0, con NIF:\u00a0\u00a0Y9489576C\u00a0, e [&hellip;]\" \/>\n<meta property=\"og:url\" content=\"https:\/\/shootingincanarias.com\/es\/legale\/\" \/>\n<meta property=\"og:site_name\" content=\"Video and photo shooting in Canary Islands\" \/>\n<meta property=\"article:modified_time\" content=\"2024-12-30T17:05:47+00:00\" \/>\n<meta name=\"twitter:card\" content=\"summary_large_image\" \/>\n<script type=\"application\/ld+json\" class=\"yoast-schema-graph\">{\"@context\":\"https:\\\/\\\/schema.org\",\"@graph\":[{\"@type\":\"WebPage\",\"@id\":\"https:\\\/\\\/shootingincanarias.com\\\/legale\\\/\",\"url\":\"https:\\\/\\\/shootingincanarias.com\\\/legale\\\/\",\"name\":\"Avviso legale - Video and photo shooting in Canary Islands\",\"isPartOf\":{\"@id\":\"https:\\\/\\\/shootingincanarias.com\\\/#website\"},\"datePublished\":\"2024-06-18T07:00:47+00:00\",\"dateModified\":\"2024-12-30T17:05:47+00:00\",\"breadcrumb\":{\"@id\":\"https:\\\/\\\/shootingincanarias.com\\\/legale\\\/#breadcrumb\"},\"inLanguage\":\"es\",\"potentialAction\":[{\"@type\":\"ReadAction\",\"target\":[\"https:\\\/\\\/shootingincanarias.com\\\/legale\\\/\"]}]},{\"@type\":\"BreadcrumbList\",\"@id\":\"https:\\\/\\\/shootingincanarias.com\\\/legale\\\/#breadcrumb\",\"itemListElement\":[{\"@type\":\"ListItem\",\"position\":1,\"name\":\"Portada\",\"item\":\"https:\\\/\\\/shootingincanarias.com\\\/\"},{\"@type\":\"ListItem\",\"position\":2,\"name\":\"Avviso legale\"}]},{\"@type\":\"WebSite\",\"@id\":\"https:\\\/\\\/shootingincanarias.com\\\/#website\",\"url\":\"https:\\\/\\\/shootingincanarias.com\\\/\",\"name\":\"Video and photo shooting in Canary Islands\",\"description\":\"Canarias Project Management\",\"publisher\":{\"@id\":\"https:\\\/\\\/shootingincanarias.com\\\/#organization\"},\"potentialAction\":[{\"@type\":\"SearchAction\",\"target\":{\"@type\":\"EntryPoint\",\"urlTemplate\":\"https:\\\/\\\/shootingincanarias.com\\\/?s={search_term_string}\"},\"query-input\":{\"@type\":\"PropertyValueSpecification\",\"valueRequired\":true,\"valueName\":\"search_term_string\"}}],\"inLanguage\":\"es\"},{\"@type\":\"Organization\",\"@id\":\"https:\\\/\\\/shootingincanarias.com\\\/#organization\",\"name\":\"Video and photo shooting in Canary Islands\",\"url\":\"https:\\\/\\\/shootingincanarias.com\\\/\",\"logo\":{\"@type\":\"ImageObject\",\"inLanguage\":\"es\",\"@id\":\"https:\\\/\\\/shootingincanarias.com\\\/#\\\/schema\\\/logo\\\/image\\\/\",\"url\":\"https:\\\/\\\/shootingincanarias.com\\\/wp-content\\\/uploads\\\/2024\\\/12\\\/mario-castelli_favicon.png\",\"contentUrl\":\"https:\\\/\\\/shootingincanarias.com\\\/wp-content\\\/uploads\\\/2024\\\/12\\\/mario-castelli_favicon.png\",\"width\":512,\"height\":512,\"caption\":\"Video and photo shooting in Canary Islands\"},\"image\":{\"@id\":\"https:\\\/\\\/shootingincanarias.com\\\/#\\\/schema\\\/logo\\\/image\\\/\"}}]}<\/script>\n<!-- \/ Yoast SEO plugin. -->","yoast_head_json":{"title":"Avviso legale - Video and photo shooting in Canary Islands","robots":{"index":"noindex","follow":"follow"},"og_locale":"es_ES","og_type":"article","og_title":"Avviso legale - Video and photo shooting in Canary Islands","og_description":"Avviso legale I. INFORMAZIONI GENERALI In ottemperanza all&#8217;obbligo di informazione previsto dalla legge 34\/2002 sui servizi della societ\u00e0 dell&#8217;informazione e sul commercio elettronico (LSSI-CE) dell&#8217;11 luglio, si forniscono di seguito le seguenti informazioni generali su questo sito web: La propriet\u00e0 di questo sito web,\u00a0\u00a0https:\/\/shootingincanarias.com\/\u00a0, (di seguito, Sito web) \u00e8 detenuta da:\u00a0\u00a0Mario Castelli\u00a0, con NIF:\u00a0\u00a0Y9489576C\u00a0, e [&hellip;]","og_url":"https:\/\/shootingincanarias.com\/es\/legale\/","og_site_name":"Video and photo shooting in Canary Islands","article_modified_time":"2024-12-30T17:05:47+00:00","twitter_card":"summary_large_image","schema":{"@context":"https:\/\/schema.org","@graph":[{"@type":"WebPage","@id":"https:\/\/shootingincanarias.com\/legale\/","url":"https:\/\/shootingincanarias.com\/legale\/","name":"Avviso legale - Video and photo shooting in Canary Islands","isPartOf":{"@id":"https:\/\/shootingincanarias.com\/#website"},"datePublished":"2024-06-18T07:00:47+00:00","dateModified":"2024-12-30T17:05:47+00:00","breadcrumb":{"@id":"https:\/\/shootingincanarias.com\/legale\/#breadcrumb"},"inLanguage":"es","potentialAction":[{"@type":"ReadAction","target":["https:\/\/shootingincanarias.com\/legale\/"]}]},{"@type":"BreadcrumbList","@id":"https:\/\/shootingincanarias.com\/legale\/#breadcrumb","itemListElement":[{"@type":"ListItem","position":1,"name":"Portada","item":"https:\/\/shootingincanarias.com\/"},{"@type":"ListItem","position":2,"name":"Avviso legale"}]},{"@type":"WebSite","@id":"https:\/\/shootingincanarias.com\/#website","url":"https:\/\/shootingincanarias.com\/","name":"Video and photo shooting in Canary Islands","description":"Canarias Project Management","publisher":{"@id":"https:\/\/shootingincanarias.com\/#organization"},"potentialAction":[{"@type":"SearchAction","target":{"@type":"EntryPoint","urlTemplate":"https:\/\/shootingincanarias.com\/?s={search_term_string}"},"query-input":{"@type":"PropertyValueSpecification","valueRequired":true,"valueName":"search_term_string"}}],"inLanguage":"es"},{"@type":"Organization","@id":"https:\/\/shootingincanarias.com\/#organization","name":"Video and photo shooting in Canary Islands","url":"https:\/\/shootingincanarias.com\/","logo":{"@type":"ImageObject","inLanguage":"es","@id":"https:\/\/shootingincanarias.com\/#\/schema\/logo\/image\/","url":"https:\/\/shootingincanarias.com\/wp-content\/uploads\/2024\/12\/mario-castelli_favicon.png","contentUrl":"https:\/\/shootingincanarias.com\/wp-content\/uploads\/2024\/12\/mario-castelli_favicon.png","width":512,"height":512,"caption":"Video and photo shooting in Canary Islands"},"image":{"@id":"https:\/\/shootingincanarias.com\/#\/schema\/logo\/image\/"}}]}},"_links":{"self":[{"href":"https:\/\/shootingincanarias.com\/es\/wp-json\/wp\/v2\/pages\/15","targetHints":{"allow":["GET"]}}],"collection":[{"href":"https:\/\/shootingincanarias.com\/es\/wp-json\/wp\/v2\/pages"}],"about":[{"href":"https:\/\/shootingincanarias.com\/es\/wp-json\/wp\/v2\/types\/page"}],"author":[{"embeddable":true,"href":"https:\/\/shootingincanarias.com\/es\/wp-json\/wp\/v2\/users\/2"}],"replies":[{"embeddable":true,"href":"https:\/\/shootingincanarias.com\/es\/wp-json\/wp\/v2\/comments?post=15"}],"version-history":[{"count":14,"href":"https:\/\/shootingincanarias.com\/es\/wp-json\/wp\/v2\/pages\/15\/revisions"}],"predecessor-version":[{"id":450,"href":"https:\/\/shootingincanarias.com\/es\/wp-json\/wp\/v2\/pages\/15\/revisions\/450"}],"wp:attachment":[{"href":"https:\/\/shootingincanarias.com\/es\/wp-json\/wp\/v2\/media?parent=15"}],"curies":[{"name":"wp","href":"https:\/\/api.w.org\/{rel}","templated":true}]}}