{"id":14,"date":"2024-06-18T09:00:25","date_gmt":"2024-06-18T07:00:25","guid":{"rendered":"https:\/\/shootingincanarias.com\/?page_id=14"},"modified":"2024-12-30T18:06:14","modified_gmt":"2024-12-30T17:06:14","slug":"cookies","status":"publish","type":"page","link":"https:\/\/shootingincanarias.com\/es\/cookies\/","title":{"rendered":"Pol\u00edtica de cookies"},"content":{"rendered":"<div data-elementor-type=\"wp-page\" data-elementor-id=\"14\" class=\"elementor elementor-14\" data-elementor-post-type=\"page\">\n\t\t\t\t\t\t<section class=\"elementor-section elementor-top-section elementor-element elementor-element-42c9be64 elementor-section-boxed elementor-section-height-default elementor-section-height-default\" data-id=\"42c9be64\" data-element_type=\"section\" data-e-type=\"section\">\n\t\t\t\t\t\t<div class=\"elementor-container elementor-column-gap-default\">\n\t\t\t\t\t<div class=\"elementor-column elementor-col-100 elementor-top-column elementor-element elementor-element-13fcb40e\" data-id=\"13fcb40e\" data-element_type=\"column\" data-e-type=\"column\" data-settings=\"{&quot;background_background&quot;:&quot;classic&quot;}\">\n\t\t\t<div class=\"elementor-widget-wrap elementor-element-populated\">\n\t\t\t\t\t\t<section class=\"elementor-section elementor-inner-section elementor-element elementor-element-2f336c56 elementor-section-boxed elementor-section-height-default elementor-section-height-default\" data-id=\"2f336c56\" data-element_type=\"section\" data-e-type=\"section\">\n\t\t\t\t\t\t<div class=\"elementor-container elementor-column-gap-no\">\n\t\t\t\t\t<div class=\"elementor-column elementor-col-100 elementor-inner-column elementor-element elementor-element-4e53ef2b\" data-id=\"4e53ef2b\" data-element_type=\"column\" data-e-type=\"column\">\n\t\t\t<div class=\"elementor-widget-wrap elementor-element-populated\">\n\t\t\t\t\t\t<div class=\"elementor-element elementor-element-7a7e4a14 elementor-widget elementor-widget-heading\" data-id=\"7a7e4a14\" data-element_type=\"widget\" data-e-type=\"widget\" data-widget_type=\"heading.default\">\n\t\t\t\t<div class=\"elementor-widget-container\">\n\t\t\t\t\t<h2 class=\"elementor-heading-title elementor-size-default\">Pol\u00edtica de cookies<\/h2>\t\t\t\t<\/div>\n\t\t\t\t<\/div>\n\t\t\t\t\t<\/div>\n\t\t<\/div>\n\t\t\t\t\t<\/div>\n\t\t<\/section>\n\t\t\t\t\t<\/div>\n\t\t<\/div>\n\t\t\t\t\t<\/div>\n\t\t<\/section>\n\t\t\t\t<section class=\"elementor-section elementor-top-section elementor-element elementor-element-111e5bae elementor-section-boxed elementor-section-height-default elementor-section-height-default\" data-id=\"111e5bae\" data-element_type=\"section\" data-e-type=\"section\">\n\t\t\t\t\t\t<div class=\"elementor-container elementor-column-gap-default\">\n\t\t\t\t\t<div class=\"elementor-column elementor-col-100 elementor-top-column elementor-element elementor-element-178a8c78\" data-id=\"178a8c78\" data-element_type=\"column\" data-e-type=\"column\">\n\t\t\t<div class=\"elementor-widget-wrap elementor-element-populated\">\n\t\t\t\t\t\t<div class=\"elementor-element elementor-element-543c0b72 elementor-widget elementor-widget-text-editor\" data-id=\"543c0b72\" data-element_type=\"widget\" data-e-type=\"widget\" data-widget_type=\"text-editor.default\">\n\t\t\t\t<div class=\"elementor-widget-container\">\n\t\t\t\t\t\t\t\t\t<p><span>El acceso a este Sitio puede implicar la utilizaci\u00f3n de cookies. Las cookies son peque\u00f1as cantidades de informaci\u00f3n que se almacenan en el navegador utilizado por cada Usuario -en los diferentes dispositivos que utilice para navegar- para que el servidor recuerde cierta informaci\u00f3n que posteriormente \u00fanicamente el servidor que la implement\u00f3 leer\u00e1. Las cookies facilitan la navegaci\u00f3n, la hacen m\u00e1s amigable y no da\u00f1an el dispositivo de navegaci\u00f3n.<\/span><\/p><p><span>Las cookies son procedimientos autom\u00e1ticos que recogen informaci\u00f3n sobre sus preferencias determinadas por usted durante su visita a la Web con el fin de reconocerle como Usuario y personalizar su experiencia y uso de la Web, pudiendo tambi\u00e9n, por ejemplo, ayudar a identificar y resolver errores.<\/span><\/p><p><span>La informaci\u00f3n recopilada a trav\u00e9s de las cookies puede incluir la fecha y hora de las visitas al Sitio Web, las p\u00e1ginas visitadas, el tiempo pasado en el Sitio Web y los sitios visitados inmediatamente antes y despu\u00e9s del Sitio Web. Sin embargo, ninguna cookie permite conocer el n\u00famero de tel\u00e9fono del Usuario o cualquier otro medio de contacto personal. Ninguna cookie puede extraer informaci\u00f3n del disco duro del Usuario ni robar informaci\u00f3n personal. La \u00fanica forma de que la informaci\u00f3n privada del Usuario forme parte del archivo cookie es que el Usuario proporcione personalmente esa informaci\u00f3n al servidor.<\/span><\/p><p><span>Las cookies que permiten identificar a una persona se consideran datos personales. Por tanto, les ser\u00e1 de aplicaci\u00f3n la Pol\u00edtica de Privacidad descrita anteriormente. En este sentido, se requerir\u00e1 el consentimiento del Usuario para su utilizaci\u00f3n. Este consentimiento se prestar\u00e1, sobre la base de una verdadera elecci\u00f3n, ofrecida mediante una decisi\u00f3n afirmativa y positiva, con car\u00e1cter previo al tratamiento inicial, extra\u00edble y documentado.<\/span><\/p><h4><span>Deshabilitar, rechazar y eliminar cookies<\/span><\/h4><p><span>El Usuario puede desactivar, rechazar y eliminar las cookies -total o parcialmente- instaladas en su dispositivo a trav\u00e9s de la configuraci\u00f3n de su navegador (incluyendo, por ejemplo, Chrome, Firefox, Safari, Explorer). En este sentido, los procedimientos para rechazar y eliminar las cookies pueden diferir de un navegador de Internet a otro. En consecuencia, deber\u00e1 seguir las instrucciones proporcionadas por el navegador de Internet que est\u00e9 utilizando. Si rechaza el uso de cookies -en su totalidad o en parte- podr\u00e1 seguir utilizando el Sitio, aunque el uso de algunas de sus funciones puede verse limitado.<\/span><\/p>\t\t\t\t\t\t\t\t<\/div>\n\t\t\t\t<\/div>\n\t\t\t\t\t<\/div>\n\t\t<\/div>\n\t\t\t\t\t<\/div>\n\t\t<\/section>\n\t\t\t\t<\/div>","protected":false},"excerpt":{"rendered":"<p>Politica sui cookie L&#8217;accesso a questo Sito pu\u00f2 comportare l&#8217;uso di cookie. I cookie sono piccole quantit\u00e0 di informazioni che vengono memorizzate nel browser utilizzato da ciascun Utente &#8211; sui diversi dispositivi che utilizza per navigare &#8211; in modo che il server ricordi alcune informazioni che verranno poi lette solo dal server che le ha [&hellip;]<\/p>\n","protected":false},"author":2,"featured_media":0,"parent":0,"menu_order":0,"comment_status":"closed","ping_status":"closed","template":"elementor_header_footer","meta":{"footnotes":""},"class_list":["post-14","page","type-page","status-publish","hentry"],"yoast_head":"<!-- This site is optimized with the Yoast SEO plugin v27.4 - https:\/\/yoast.com\/product\/yoast-seo-wordpress\/ -->\n<title>Politica sui cookie - Video and photo shooting in Canary Islands<\/title>\n<meta name=\"robots\" content=\"noindex, follow\" \/>\n<meta property=\"og:locale\" content=\"es_ES\" \/>\n<meta property=\"og:type\" content=\"article\" \/>\n<meta property=\"og:title\" content=\"Politica sui cookie - Video and photo shooting in Canary Islands\" \/>\n<meta property=\"og:description\" content=\"Politica sui cookie L&#8217;accesso a questo Sito pu\u00f2 comportare l&#8217;uso di cookie. I cookie sono piccole quantit\u00e0 di informazioni che vengono memorizzate nel browser utilizzato da ciascun Utente &#8211; sui diversi dispositivi che utilizza per navigare &#8211; in modo che il server ricordi alcune informazioni che verranno poi lette solo dal server che le ha [&hellip;]\" \/>\n<meta property=\"og:url\" content=\"https:\/\/shootingincanarias.com\/es\/cookies\/\" \/>\n<meta property=\"og:site_name\" content=\"Video and photo shooting in Canary Islands\" \/>\n<meta property=\"article:modified_time\" content=\"2024-12-30T17:06:14+00:00\" \/>\n<meta name=\"twitter:card\" content=\"summary_large_image\" \/>\n<script type=\"application\/ld+json\" class=\"yoast-schema-graph\">{\"@context\":\"https:\\\/\\\/schema.org\",\"@graph\":[{\"@type\":\"WebPage\",\"@id\":\"https:\\\/\\\/shootingincanarias.com\\\/cookies\\\/\",\"url\":\"https:\\\/\\\/shootingincanarias.com\\\/cookies\\\/\",\"name\":\"Politica sui cookie - Video and photo shooting in Canary Islands\",\"isPartOf\":{\"@id\":\"https:\\\/\\\/shootingincanarias.com\\\/#website\"},\"datePublished\":\"2024-06-18T07:00:25+00:00\",\"dateModified\":\"2024-12-30T17:06:14+00:00\",\"breadcrumb\":{\"@id\":\"https:\\\/\\\/shootingincanarias.com\\\/cookies\\\/#breadcrumb\"},\"inLanguage\":\"es\",\"potentialAction\":[{\"@type\":\"ReadAction\",\"target\":[\"https:\\\/\\\/shootingincanarias.com\\\/cookies\\\/\"]}]},{\"@type\":\"BreadcrumbList\",\"@id\":\"https:\\\/\\\/shootingincanarias.com\\\/cookies\\\/#breadcrumb\",\"itemListElement\":[{\"@type\":\"ListItem\",\"position\":1,\"name\":\"Portada\",\"item\":\"https:\\\/\\\/shootingincanarias.com\\\/\"},{\"@type\":\"ListItem\",\"position\":2,\"name\":\"Politica sui cookie\"}]},{\"@type\":\"WebSite\",\"@id\":\"https:\\\/\\\/shootingincanarias.com\\\/#website\",\"url\":\"https:\\\/\\\/shootingincanarias.com\\\/\",\"name\":\"Video and photo shooting in Canary Islands\",\"description\":\"Canarias Project Management\",\"publisher\":{\"@id\":\"https:\\\/\\\/shootingincanarias.com\\\/#organization\"},\"potentialAction\":[{\"@type\":\"SearchAction\",\"target\":{\"@type\":\"EntryPoint\",\"urlTemplate\":\"https:\\\/\\\/shootingincanarias.com\\\/?s={search_term_string}\"},\"query-input\":{\"@type\":\"PropertyValueSpecification\",\"valueRequired\":true,\"valueName\":\"search_term_string\"}}],\"inLanguage\":\"es\"},{\"@type\":\"Organization\",\"@id\":\"https:\\\/\\\/shootingincanarias.com\\\/#organization\",\"name\":\"Video and photo shooting in Canary Islands\",\"url\":\"https:\\\/\\\/shootingincanarias.com\\\/\",\"logo\":{\"@type\":\"ImageObject\",\"inLanguage\":\"es\",\"@id\":\"https:\\\/\\\/shootingincanarias.com\\\/#\\\/schema\\\/logo\\\/image\\\/\",\"url\":\"https:\\\/\\\/shootingincanarias.com\\\/wp-content\\\/uploads\\\/2024\\\/12\\\/mario-castelli_favicon.png\",\"contentUrl\":\"https:\\\/\\\/shootingincanarias.com\\\/wp-content\\\/uploads\\\/2024\\\/12\\\/mario-castelli_favicon.png\",\"width\":512,\"height\":512,\"caption\":\"Video and photo shooting in Canary Islands\"},\"image\":{\"@id\":\"https:\\\/\\\/shootingincanarias.com\\\/#\\\/schema\\\/logo\\\/image\\\/\"}}]}<\/script>\n<!-- \/ Yoast SEO plugin. -->","yoast_head_json":{"title":"Politica sui cookie - Video and photo shooting in Canary Islands","robots":{"index":"noindex","follow":"follow"},"og_locale":"es_ES","og_type":"article","og_title":"Politica sui cookie - Video and photo shooting in Canary Islands","og_description":"Politica sui cookie L&#8217;accesso a questo Sito pu\u00f2 comportare l&#8217;uso di cookie. I cookie sono piccole quantit\u00e0 di informazioni che vengono memorizzate nel browser utilizzato da ciascun Utente &#8211; sui diversi dispositivi che utilizza per navigare &#8211; in modo che il server ricordi alcune informazioni che verranno poi lette solo dal server che le ha [&hellip;]","og_url":"https:\/\/shootingincanarias.com\/es\/cookies\/","og_site_name":"Video and photo shooting in Canary Islands","article_modified_time":"2024-12-30T17:06:14+00:00","twitter_card":"summary_large_image","schema":{"@context":"https:\/\/schema.org","@graph":[{"@type":"WebPage","@id":"https:\/\/shootingincanarias.com\/cookies\/","url":"https:\/\/shootingincanarias.com\/cookies\/","name":"Politica sui cookie - Video and photo shooting in Canary Islands","isPartOf":{"@id":"https:\/\/shootingincanarias.com\/#website"},"datePublished":"2024-06-18T07:00:25+00:00","dateModified":"2024-12-30T17:06:14+00:00","breadcrumb":{"@id":"https:\/\/shootingincanarias.com\/cookies\/#breadcrumb"},"inLanguage":"es","potentialAction":[{"@type":"ReadAction","target":["https:\/\/shootingincanarias.com\/cookies\/"]}]},{"@type":"BreadcrumbList","@id":"https:\/\/shootingincanarias.com\/cookies\/#breadcrumb","itemListElement":[{"@type":"ListItem","position":1,"name":"Portada","item":"https:\/\/shootingincanarias.com\/"},{"@type":"ListItem","position":2,"name":"Politica sui cookie"}]},{"@type":"WebSite","@id":"https:\/\/shootingincanarias.com\/#website","url":"https:\/\/shootingincanarias.com\/","name":"Video and photo shooting in Canary Islands","description":"Canarias Project Management","publisher":{"@id":"https:\/\/shootingincanarias.com\/#organization"},"potentialAction":[{"@type":"SearchAction","target":{"@type":"EntryPoint","urlTemplate":"https:\/\/shootingincanarias.com\/?s={search_term_string}"},"query-input":{"@type":"PropertyValueSpecification","valueRequired":true,"valueName":"search_term_string"}}],"inLanguage":"es"},{"@type":"Organization","@id":"https:\/\/shootingincanarias.com\/#organization","name":"Video and photo shooting in Canary Islands","url":"https:\/\/shootingincanarias.com\/","logo":{"@type":"ImageObject","inLanguage":"es","@id":"https:\/\/shootingincanarias.com\/#\/schema\/logo\/image\/","url":"https:\/\/shootingincanarias.com\/wp-content\/uploads\/2024\/12\/mario-castelli_favicon.png","contentUrl":"https:\/\/shootingincanarias.com\/wp-content\/uploads\/2024\/12\/mario-castelli_favicon.png","width":512,"height":512,"caption":"Video and photo shooting in Canary Islands"},"image":{"@id":"https:\/\/shootingincanarias.com\/#\/schema\/logo\/image\/"}}]}},"_links":{"self":[{"href":"https:\/\/shootingincanarias.com\/es\/wp-json\/wp\/v2\/pages\/14","targetHints":{"allow":["GET"]}}],"collection":[{"href":"https:\/\/shootingincanarias.com\/es\/wp-json\/wp\/v2\/pages"}],"about":[{"href":"https:\/\/shootingincanarias.com\/es\/wp-json\/wp\/v2\/types\/page"}],"author":[{"embeddable":true,"href":"https:\/\/shootingincanarias.com\/es\/wp-json\/wp\/v2\/users\/2"}],"replies":[{"embeddable":true,"href":"https:\/\/shootingincanarias.com\/es\/wp-json\/wp\/v2\/comments?post=14"}],"version-history":[{"count":11,"href":"https:\/\/shootingincanarias.com\/es\/wp-json\/wp\/v2\/pages\/14\/revisions"}],"predecessor-version":[{"id":451,"href":"https:\/\/shootingincanarias.com\/es\/wp-json\/wp\/v2\/pages\/14\/revisions\/451"}],"wp:attachment":[{"href":"https:\/\/shootingincanarias.com\/es\/wp-json\/wp\/v2\/media?parent=14"}],"curies":[{"name":"wp","href":"https:\/\/api.w.org\/{rel}","templated":true}]}}